{"id":98,"date":"2023-06-05T09:15:25","date_gmt":"2023-06-05T07:15:25","guid":{"rendered":"http:\/\/learning-analytics-aula.azurewebsites.net\/?page_id=98"},"modified":"2023-09-14T07:57:41","modified_gmt":"2023-09-14T05:57:41","slug":"2-3-el-caso-de-la-uoc-herramienta-diana-para-el-seguimiento-y-evaluacion-de-actividades-colaborativas","status":"publish","type":"page","link":"http:\/\/learning-analytics.aula.uoc.edu\/es\/2-3-el-caso-de-la-uoc-herramienta-diana-para-el-seguimiento-y-evaluacion-de-actividades-colaborativas\/","title":{"rendered":"2.3. El caso de la UOC: Herramienta DIANA para el seguimiento y evaluaci\u00f3n de actividades colaborativas"},"content":{"rendered":"<p>Un caso de \u00e9xito relacionado con el uso de las anal\u00edticas del aprendizaje involucr\u00f3 a la Universitat Oberta de Catalunya, como instituci\u00f3n educativa superior que adopt\u00f3 una perspectiva desde la Ciencia de Datos de car\u00e1cter educativo para el an\u00e1lisis de la informaci\u00f3n del entorno de aprendizaje en el cual se desarrollan los grados y m\u00e1steres que imparte.<\/p>\n<p>Esta experiencia se desarroll\u00f3 entre los a\u00f1os 2021 y 2024, y su objetivo fue evidenciar el impacto que producen las anal\u00edticas del aprendizaje tanto para los estudiantes como para el profesorado cuando llevan a cabo actividades colaborativas en l\u00ednea, concretamente, actividades de discusi\u00f3n en l\u00ednea as\u00edncronas (Debates Virtuales).<\/p>\n<h4><strong>1. Selecci\u00f3n de la informaci\u00f3n necesaria<\/strong><\/h4>\n<p>El profesorado universitario necesita obtener informaci\u00f3n sobre sus estudiantes en la actividad de Debate Virtual de sus asignaturas pero, en muchos casos, esta es una tarea ardua que conlleva un tiempo considerable, todav\u00eda m\u00e1s cuando el n\u00famero de estudiantes del aula es elevado. La informaci\u00f3n que requiere el profesorado es relativa al rendimiento y al proceso de aprendizaje del estudiante con objeto de tomar decisiones de un modo r\u00e1pido y efectivo (Gkontzis <em>et al.<\/em>, 2019), pero no toda la informaci\u00f3n es igual de relevante ni se refiere al mismo aspecto observable del fen\u00f3meno estudiado.<\/p>\n<p>Este fue el motivo por el cual fue necesaria la creaci\u00f3n de un modelo jer\u00e1rquico que clasificara los datos en diferentes niveles de conocimiento, como apuntaba Baker (2007), y que presentara los datos al profesorado, de tal modo, que les facilitara la comprensi\u00f3n de la naturaleza de las interacciones que los estudiantes llevan a cabo durante el proceso de aprendizaje, as\u00ed como su rendimiento en la actividad de evaluaci\u00f3n. Se identificaron cuatro tipos de factores clave: los datos, las m\u00e9tricas, los indicadores y las categor\u00edas (figura 6).<\/p>\n<figure id=\"attachment_6\" aria-describedby=\"caption-attachment-6\" style=\"width: 800px\" class=\"wp-caption aligncenter\"><img decoding=\"async\" loading=\"lazy\" class=\"size-full wp-image-236 aligncenter\" src=\"\/wp-content\/uploads\/2023\/07\/figura_cas6.jpg\" alt=\"\" width=\"800\" height=\"415\" \/><figcaption id=\"caption-attachment-6\" class=\"wp-caption-text\">Figura 6. Identificaci\u00f3n del modelo jer\u00e1rquico de factores clave para la evaluaci\u00f3n del aprendizaje colaborativo en l\u00ednea en contraste con el continuo de conocimiento de Baker<em><br \/><\/em>Fuente: Adaptaci\u00f3n a partir de Baker, 2007<\/figcaption><\/figure>\n<p>Los <strong>datos <\/strong>son la fuente de informaci\u00f3n de partida. Consisten en las evidencias de la actividad del estudiante en el entorno en l\u00ednea en forma de registros, trazas o <em>logs<\/em> del sistema que, por s\u00ed mismos, no aportan conocimiento.<\/p>\n<p>Las <strong>m\u00e9tricas <\/strong>son la correspondencia de un dato emp\u00edrico del mundo real a una variable cuantitativa o cualitativa del mundo formal, a la que se le puede asignar un valor, y requiere definir, no solo el m\u00e9todo de c\u00e1lculo, sino tambi\u00e9n la escala de los valores.<\/p>\n<p>Los <strong>indicadores <\/strong>corresponden a un grupo de m\u00e9tricas (variables del mundo emp\u00edrico) relacionadas entre s\u00ed que otorgan un nivel de comprensi\u00f3n superior de un fen\u00f3meno observado, de forma que nos permiten efectuar una estimaci\u00f3n de un concepto que necesitamos evaluar.<\/p>\n<p>Las <strong>categor\u00edas <\/strong>son un conjunto de indicadores que analizan y resumen informaci\u00f3n relacionada con una misma caracter\u00edstica observable del fen\u00f3meno de estudio. Una categor\u00eda es la caracter\u00edstica espec\u00edfica de un proceso en la que deseamos centrar nuestra atenci\u00f3n con el fin de conocer un aspecto concreto de un fen\u00f3meno, aisl\u00e1ndolo y observando su comportamiento frente a determinadas situaciones o actuaciones sobre \u00e9l.<\/p>\n<p>Una vez definidos los factores clave, se identificaron los relacionados con los Debates Virtuales y la interacci\u00f3n comunicativa entre los estudiantes, dado que este factor clave es indispensable para que los estudiantes puedan construir conocimiento de forma conjunta. Por este motivo, se seleccionaron los del modelo jer\u00e1rquico que ten\u00edan que ver con la interacci\u00f3n comunicativa del alumnado y que ser\u00edan de gran utilidad para realizar el seguimiento y evaluaci\u00f3n de la actividad de Debate Virtual que se desarrollar\u00eda en las asignaturas de la universidad. La lista de m\u00e9tricas seleccionadas para usar en las anal\u00edticas del aprendizaje del estudio de caso fueron las siguientes (tabla 1):<\/p>\n<table width=\"280\">\n<tbody>\n<tr class=\"table-header\">\n<td width=\"92\">Dimensi\u00f3n<\/td>\n<td width=\"76\">C\u00f3digo de m\u00e9trica<\/td>\n<td width=\"411\">M\u00e9trica del modelo jer\u00e1rquico de factores clave para el seguimiento y evaluaci\u00f3n del aprendizaje en l\u00ednea<\/td>\n<\/tr>\n<tr>\n<td rowspan=\"13\" width=\"92\">\n<p style=\"text-align: center;\">Grupal<\/p>\n<\/td>\n<td style=\"text-align: center;\" width=\"76\">M1<\/td>\n<td width=\"411\">Distribuci\u00f3n temporal y grupal de los mensajes<\/td>\n<\/tr>\n<tr>\n<td style=\"text-align: center;\" width=\"76\">M2<\/td>\n<td width=\"411\">N\u00famero total de los mensajes publicados<\/td>\n<\/tr>\n<tr>\n<td style=\"text-align: center;\" width=\"76\">M3<\/td>\n<td width=\"411\">N\u00famero de usuarios participantes en la comunicaci\u00f3n<\/td>\n<\/tr>\n<tr>\n<td style=\"text-align: center;\" width=\"76\">M4<\/td>\n<td width=\"411\">Homogeneidad en la participaci\u00f3n comunicativa grupal<\/td>\n<\/tr>\n<tr>\n<td style=\"text-align: center;\" width=\"76\">M5<\/td>\n<td width=\"411\">Respuestas totales publicadas<\/td>\n<\/tr>\n<tr>\n<td style=\"text-align: center;\" width=\"76\">M6<\/td>\n<td width=\"411\">Nivel de di\u00e1logo<\/td>\n<\/tr>\n<tr>\n<td style=\"text-align: center;\" width=\"76\">M7<\/td>\n<td width=\"411\">Extensi\u00f3n media global en la comunicaci\u00f3n<\/td>\n<\/tr>\n<tr>\n<td style=\"text-align: center;\" width=\"76\">M8<\/td>\n<td width=\"411\">Nube de etiquetas de los espacios de conversaci\u00f3n<\/td>\n<\/tr>\n<tr>\n<td style=\"text-align: center;\" width=\"76\">M9<\/td>\n<td width=\"411\">Grado de adecuaci\u00f3n del discurso al campo sem\u00e1ntico<\/td>\n<\/tr>\n<tr>\n<td style=\"text-align: center;\" width=\"76\">M10<\/td>\n<td width=\"411\">Dispersi\u00f3n\/Concentraci\u00f3n de la conversaci\u00f3n<\/td>\n<\/tr>\n<tr>\n<td style=\"text-align: center;\" width=\"76\">M11<\/td>\n<td width=\"411\">Representaci\u00f3n visual de la interacci\u00f3n comunicativa as\u00edncrona (grafo de nodos &#8211; SNA)<\/td>\n<\/tr>\n<tr>\n<td style=\"text-align: center;\" width=\"76\">M12<\/td>\n<td width=\"411\">N\u00famero de archivos globales publicados\/adjuntados<\/td>\n<\/tr>\n<tr>\n<td style=\"text-align: center;\" width=\"76\">M13<\/td>\n<td width=\"411\">N\u00famero de enlaces externos globales publicados<\/td>\n<\/tr>\n<tr>\n<td style=\"text-align: center;\" rowspan=\"8\" width=\"92\">Individual<\/td>\n<td style=\"text-align: center;\" width=\"76\">M14<\/td>\n<td width=\"411\">Distribuci\u00f3n temporal de los mensajes individuales<\/td>\n<\/tr>\n<tr>\n<td style=\"text-align: center;\" width=\"76\">M15<\/td>\n<td width=\"411\">N\u00famero de mensajes publicados<\/td>\n<\/tr>\n<tr>\n<td style=\"text-align: center;\" width=\"76\">M16<\/td>\n<td width=\"411\">Nivel de participaci\u00f3n en la interacci\u00f3n comunicativa<\/td>\n<\/tr>\n<tr>\n<td style=\"text-align: center;\" width=\"76\">M17<\/td>\n<td width=\"411\">Respuestas publicadas<\/td>\n<\/tr>\n<tr>\n<td style=\"text-align: center;\" width=\"76\">M18<\/td>\n<td width=\"411\">Popularidad<\/td>\n<\/tr>\n<tr>\n<td style=\"text-align: center;\" width=\"76\">M19<\/td>\n<td width=\"411\">Extensi\u00f3n media de la comunicaci\u00f3n<\/td>\n<\/tr>\n<tr>\n<td style=\"text-align: center;\" width=\"76\">M20<\/td>\n<td width=\"411\">N\u00famero de archivos publicados\/adjuntados<\/td>\n<\/tr>\n<tr>\n<td style=\"text-align: center;\" width=\"76\">M21<\/td>\n<td width=\"411\">N\u00famero de enlaces externos publicados<\/td>\n<\/tr>\n<\/tbody>\n<\/table>\n<div class=\"tablefooter\"><p>Tabla 1. M\u00e9tricas implementadas en la herramienta anal\u00edtica DIANA<\/p>\n<\/div>\n<h4><strong>2. Captura, an\u00e1lisis y resumen de la informaci\u00f3n<\/strong><\/h4>\n<p>A continuaci\u00f3n, se procedi\u00f3 con el dise\u00f1o y la programaci\u00f3n de una aplicaci\u00f3n inform\u00e1tica basada en tecnolog\u00edas web que permitiera capturar informaci\u00f3n del entorno virtual de ense\u00f1anza y aprendizaje de la universidad para, posteriormente, aplicar Miner\u00eda de Datos en base a unos algoritmos. De este modo, se present\u00f3 la informaci\u00f3n resumida para que el docente la interpretara y pudiera tomar decisiones informadas.<\/p>\n<p>La herramienta inform\u00e1tica dise\u00f1ada se denomin\u00f3 DIANA (DIalogue ANAlysis). Esta herramienta analiza los mensajes de cada estudiante y realiza un contraste, tanto del contenido como de los metadatos de cada mensaje, para reportar las m\u00e9tricas que fueron conceptualizadas en la fase anterior. Esta herramienta se utiliz\u00f3 para realizar el seguimiento y evaluaci\u00f3n de la actividad de Debate Virtual, tanto en las asignaturas transversales a la universidad como tambi\u00e9n en las asignaturas de m\u00e1ster.<\/p>\n<p>DIANA no solo reporta m\u00e9tricas o indicadores de rendimiento, sino que tambi\u00e9n permite al profesorado personalizar las anal\u00edticas mediante un panel de configuraci\u00f3n en el que es posible especificar los valores de referencia tanto para la generaci\u00f3n de alertas como para la visualizaci\u00f3n de los resultados (figura 7).<\/p>\n<figure id=\"attachment_7\" aria-describedby=\"caption-attachment-7\" style=\"width: 885px\" class=\"wp-caption aligncenter\"><img decoding=\"async\" loading=\"lazy\" class=\"size-full wp-image-223 aligncenter\" src=\"\/wp-content\/uploads\/2023\/07\/captura_1.png\" alt=\"\" width=\"885\" height=\"375\" \/><figcaption id=\"caption-attachment-7\" class=\"wp-caption-text\">Figura 7. Panel de configuraci\u00f3n de DIANA<br \/>Fuente: elaboraci\u00f3n propia<\/figcaption><\/figure>\n<p>Una vez el docente seleccionaba las fechas de inicio y fin de la actividad de Debate Virtual, DIANA reportaba las anal\u00edticas del aprendizaje organiz\u00e1ndolas en diferentes pantallas y utilizando un conjunto de recursos gr\u00e1ficos heterog\u00e9neos para facilitar la interpretaci\u00f3n de la informaci\u00f3n (figura 8).<\/p>\n<figure id=\"attachment_8\" aria-describedby=\"caption-attachment-8\" style=\"width: 885px\" class=\"wp-caption aligncenter\"><img decoding=\"async\" loading=\"lazy\" class=\"size-full wp-image-223 aligncenter\" src=\"\/wp-content\/uploads\/2023\/07\/captura_2.png\" alt=\"\" width=\"885\" height=\"408\" \/><figcaption id=\"caption-attachment-8\" class=\"wp-caption-text\">Figura 8. Indicadores y m\u00e9tricas grupales reportadas por DIANA<br \/>Fuente: elaboraci\u00f3n propia<\/figcaption><\/figure>\n<p>Sin embargo, unos de los aspectos m\u00e1s interesantes de DIANA es la capacidad de obtener informaci\u00f3n sobre el nivel de desempe\u00f1o de cada estudiante de forma individual en la actividad de Debate Virtual. La herramienta no solo muestra el n\u00famero de mensajes enviados, sino tambi\u00e9n la posibilidad de evaluar cu\u00e1les de ellos son mensajes de respuesta, c\u00f3mo se repartieron en el tiempo dichos mensajes, la popularidad del estudiante en base a las respuestas que recibieron sus mensajes, etc. (figura 9).<\/p>\n<figure id=\"attachment_9\" aria-describedby=\"caption-attachment-9\" style=\"width: 885px\" class=\"wp-caption aligncenter\"><img decoding=\"async\" loading=\"lazy\" class=\"size-full wp-image-223 aligncenter\" src=\"\/wp-content\/uploads\/2023\/07\/captura_3.png\" alt=\"\" width=\"885\" height=\"375\" \/><figcaption id=\"caption-attachment-9\" class=\"wp-caption-text\">Figura 9. Indicadores y m\u00e9tricas individuales de cada estudiante reportadas por DIANA<br \/>Fuente: elaboraci\u00f3n propia<\/figcaption><\/figure>\n<p>La ventaja de utilizar este tipo de estrategias basadas en la ciencia de datos es que es posible obtener una radiograf\u00eda de lo sucedido en la actividad de aprendizaje, como muestra la figura 10, en la que se aprecian las m\u00e9tricas de un estudiante y su contraste con las del resto de grupo aula.<\/p>\n<figure id=\"attachment_10\" aria-describedby=\"caption-attachment-10\" style=\"width: 885px\" class=\"wp-caption aligncenter\"><img decoding=\"async\" loading=\"lazy\" class=\"size-full wp-image-223 aligncenter\" src=\"\/wp-content\/uploads\/2023\/07\/captura_4.png\" alt=\"\" width=\"885\" height=\"341\" \/><figcaption id=\"caption-attachment-10\" class=\"wp-caption-text\">Figura 10. M\u00e9tricas individuales en contraste con las del resto del aula<br \/>Fuente: elaboraci\u00f3n propia<\/figcaption><\/figure>\n<h4><strong>3. Predicci\u00f3n en base a las evidencias<\/strong><\/h4>\n<p>La actuaci\u00f3n docente en la experiencia que estamos describiendo no solo se limit\u00f3 a la interpretaci\u00f3n de estos datos una vez la actividad de Debate Virtual hab\u00eda finalizado, sino que a\u00fan m\u00e1s importante fue el uso de esta informaci\u00f3n durante el propio proceso de ense\u00f1anza, con el objetivo de poder monitorear el desempe\u00f1o de cada estudiante y ofrecerle la ayuda necesaria en cada momento para asegurar la asimilaci\u00f3n de las competencias definidas en el Plan Docente de la asignatura. Para ello, la mejor estrategia fue el ofrecimiento de unas sugerencias (<em>feedback<\/em>) personalizadas en base a estas necesidades detectadas, y para conseguirlas fue esencial tener acceso a las anal\u00edticas del aprendizaje.<\/p>\n<p>El profesorado tuvo la oportunidad de llevar a cabo un an\u00e1lisis predictivo en base a su propia experiencia profesional y a las m\u00e9tricas reportadas por las anal\u00edticas del aprendizaje. Gracias a este an\u00e1lisis prematuro, el docente pudo anticiparse a situaciones de riesgo que dificultan a los estudiantes el desarrollo de la actividad de evaluaci\u00f3n. Esta predicci\u00f3n fue anticipada mediante una estrategia de planificaci\u00f3n de las acciones que se deb\u00edan llevar a cabo, la cual se muestra en la tabla 2, con la lista de actividades en forma de hoja de verificaci\u00f3n (<em>checklist<\/em>). Esta tabla puede servir de referencia para desplegar otras iniciativas similares relacionadas con las anal\u00edticas del aprendizaje.<\/p>\n<table width=\"578\">\n<tbody>\n<tr class=\"table-header\">\n<td colspan=\"3\" width=\"578\"><strong>Matriz de verificaci\u00f3n para el an\u00e1lisis del aprendizaje<\/strong><\/td>\n<\/tr>\n<tr class=\"table-header-sec\">\n<td width=\"56\"><em><strong>Check<\/strong><\/em><\/td>\n<td width=\"56\"><strong>C\u00f3digo<\/strong><\/td>\n<td width=\"466\"><strong>Tarea<\/strong><\/td>\n<\/tr>\n<tr>\n<td colspan=\"3\" width=\"578\"><strong>Fase previa<\/strong><\/td>\n<\/tr>\n<tr>\n<td style=\"text-align: center;\" width=\"56\">\u25a1<\/td>\n<td style=\"text-align: center;\" width=\"56\">A1<\/td>\n<td width=\"466\">Realizar formaci\u00f3n para la capacitaci\u00f3n docente en el uso de DIANA.<\/td>\n<\/tr>\n<tr>\n<td style=\"text-align: center;\" width=\"56\">\u25a1<\/td>\n<td style=\"text-align: center;\" width=\"56\">A2<\/td>\n<td width=\"466\">Acceso a la herramienta DIANA y verificaci\u00f3n de credenciales.<\/td>\n<\/tr>\n<tr>\n<td style=\"text-align: center;\" width=\"56\">\u25a1<\/td>\n<td style=\"text-align: center;\" width=\"56\">A3<\/td>\n<td width=\"466\">Definir inicio y fin del Debate Virtual.<\/td>\n<\/tr>\n<tr>\n<td colspan=\"3\" width=\"578\"><strong>Antes de iniciar el Debate Virtual<\/strong><\/td>\n<\/tr>\n<tr>\n<td style=\"text-align: center;\" width=\"56\">\u25a1<\/td>\n<td style=\"text-align: center;\" width=\"56\">B1<\/td>\n<td width=\"466\">Definir configuraci\u00f3n de DIANA en el panel de control.<\/td>\n<\/tr>\n<tr>\n<td style=\"text-align: center;\" width=\"56\">\u25a1<\/td>\n<td style=\"text-align: center;\" width=\"56\">B2<\/td>\n<td width=\"466\">Obtener el consentimiento informado de los estudiantes.<\/td>\n<\/tr>\n<tr>\n<td style=\"text-align: center;\" width=\"56\">\u25a1<\/td>\n<td style=\"text-align: center;\" width=\"56\">B3<\/td>\n<td width=\"466\">Dise\u00f1o de la actividad de discusi\u00f3n en l\u00ednea as\u00edncrona: objetivos, organizaci\u00f3n, criterios\u2026<\/td>\n<\/tr>\n<tr>\n<td style=\"text-align: center;\" width=\"56\">\u25a1<\/td>\n<td style=\"text-align: center;\" width=\"56\">B4<\/td>\n<td width=\"466\">Preparar el mensaje de inicio de la actividad.<\/td>\n<\/tr>\n<tr>\n<td colspan=\"3\" width=\"578\"><strong>Durante el Debate Virtual<\/strong><\/td>\n<\/tr>\n<tr>\n<td style=\"text-align: center;\" width=\"56\"><\/td>\n<td colspan=\"2\" width=\"522\"><em>Etapa de planteamiento de cuestiones iniciales<\/em><\/td>\n<\/tr>\n<tr>\n<td style=\"text-align: center;\" width=\"56\">\u25a1<\/td>\n<td style=\"text-align: center;\" width=\"56\">C1<\/td>\n<td width=\"466\">Publicar mensaje en el Tabl\u00f3n del profesorado presentando la actividad (B3).<\/td>\n<\/tr>\n<tr>\n<td style=\"text-align: center;\" width=\"56\">\u25a1<\/td>\n<td style=\"text-align: center;\" width=\"56\">C2<\/td>\n<td width=\"466\">Publicar en el Foro los hilos de discusi\u00f3n iniciales (B4).<\/td>\n<\/tr>\n<tr>\n<td style=\"text-align: center;\" width=\"56\">\u25a1<\/td>\n<td style=\"text-align: center;\" width=\"56\">C3<\/td>\n<td width=\"466\">Pasados 2 d\u00edas, alertar a los estudiantes que a\u00fan no han participado.<\/td>\n<\/tr>\n<tr>\n<td width=\"56\"><\/td>\n<td colspan=\"2\" width=\"522\"><em>Etapa de discusi\u00f3n y argumentaci\u00f3n virtual<\/em><\/td>\n<\/tr>\n<tr>\n<td style=\"text-align: center;\" width=\"56\">\u25a1<\/td>\n<td style=\"text-align: center;\" width=\"56\">C4<\/td>\n<td width=\"466\">Publicar mensaje en el Tabl\u00f3n del profesorado dando inicio a esta etapa.<\/td>\n<\/tr>\n<tr>\n<td style=\"text-align: center;\" width=\"56\">\u25a1<\/td>\n<td style=\"text-align: center;\" width=\"56\">C5<\/td>\n<td width=\"466\">Dinamizar el Foro con nuevos hilos, reconduciendo la discusi\u00f3n si es necesario.<\/td>\n<\/tr>\n<tr>\n<td style=\"text-align: center;\" width=\"56\">\u25a1<\/td>\n<td style=\"text-align: center;\" width=\"56\">C6<\/td>\n<td width=\"466\">An\u00e1lisis del aprendizaje durante los d\u00edas intermedios.<\/td>\n<\/tr>\n<tr>\n<td width=\"56\"><\/td>\n<td colspan=\"2\" width=\"522\"><em>Etapa de conclusiones<\/em><\/td>\n<\/tr>\n<tr>\n<td style=\"text-align: center;\" width=\"56\">\u25a1<\/td>\n<td style=\"text-align: center;\" width=\"56\">C7<\/td>\n<td width=\"466\">Publicar mensaje en el Tabl\u00f3n del profesorado dando inicio a esta etapa.<\/td>\n<\/tr>\n<tr>\n<td style=\"text-align: center;\" width=\"56\">\u25a1<\/td>\n<td style=\"text-align: center;\" width=\"56\">C8<\/td>\n<td width=\"466\">Mensaje recordatorio de cierre el d\u00eda previo a la finalizaci\u00f3n del debate.<\/td>\n<\/tr>\n<tr>\n<td colspan=\"3\" width=\"578\"><strong>Posterior al Debate Virtual<\/strong><\/td>\n<\/tr>\n<tr>\n<td style=\"text-align: center;\" width=\"56\">\u25a1<\/td>\n<td style=\"text-align: center;\" width=\"56\">D1<\/td>\n<td width=\"466\">Publicar mensaje en el Tabl\u00f3n del profesorado cerrando la actividad.<\/td>\n<\/tr>\n<tr>\n<td style=\"text-align: center;\" width=\"56\">\u25a1<\/td>\n<td style=\"text-align: center;\" width=\"56\">D2<\/td>\n<td width=\"466\">Evaluar al estudiante.<\/td>\n<\/tr>\n<tr>\n<td style=\"text-align: center;\" width=\"56\">\u25a1<\/td>\n<td style=\"text-align: center;\" width=\"56\">D3<\/td>\n<td width=\"466\">Recoger los datos necesarios de anal\u00edticas del aprendizaje para el proyecto I+D.<\/td>\n<\/tr>\n<\/tbody>\n<\/table>\n<div class=\"tablefooter\"><p>Tabla 2. Matriz de verificaci\u00f3n docente para el an\u00e1lisis del aprendizaje<\/p>\n<\/div>\n<h4><strong>4. Uso de las m\u00e9tricas e indicadores para la toma de decisiones<\/strong><\/h4>\n<p>En esta etapa, el profesorado evidencia su labor docente a trav\u00e9s de la aplicaci\u00f3n de medidas espec\u00edficas de acompa\u00f1amiento del estudiante. Estas medidas dependen de la interpretaci\u00f3n que se haga de las anal\u00edticas del aprendizaje y de la capacidad de predecir el comportamiento del estudiante que se encuentra en una situaci\u00f3n de especial vulnerabilidad.<\/p>\n<p>En el caso descrito, estas medidas fueron claramente enfocadas a la reducci\u00f3n del \u00edndice de abandono de los estudiantes en la asignatura, as\u00ed como tambi\u00e9n al aumento de su rendimiento acad\u00e9mico. Estos dos grandes objetivos fueron el motivo principal (<em>leitmotiv<\/em>) de la intervenci\u00f3n docente fundamentada en dos pilares: el uso continuado de las anal\u00edticas del aprendizaje en cada fase del Debate Virtual, y las respuestas (<em>feedback<\/em>) personalizadas en base a dicho an\u00e1lisis.<\/p>\n<p>Cabe tambi\u00e9n destacar el aumento del nivel de satisfacci\u00f3n de los estudiantes que fueron monitorizados con la herramienta DIANA una vez fueron consultados al finalizar la actividad de Debate Virtual. Este aumento se midi\u00f3 en contraste con aquellos grupos cuyo seguimiento y evaluaci\u00f3n de la actividad de evaluaci\u00f3n se desarroll\u00f3 de forma convencional.<\/p>\n<h4><strong>5. Refinamiento y compartici\u00f3n de los resultados<\/strong><\/h4>\n<p class=\"Normal2\" style=\"text-align: justify;\"><span lang=\"ca\">Llegados a este punto, podemos decir que el tipo de anal\u00edticas que el profesorado desarroll\u00f3 fue \u00abdescriptiva\u00bb principalmente. Sin embargo, su experiencia docente le permit\u00eda llevar a cabo la anal\u00edtica diagn\u00f3stica, evaluando qu\u00e9 acciones hab\u00edan producido que algunos estudiantes no siguieran con \u00e9xito la actividad. De este modo, se consegu\u00eda depurar el marco procedimental y corregir aquellos elementos de la propia actividad o de la actuaci\u00f3n docente en cuanto a seguimiento efectuado para facilitar el cumplimiento de los objetivos de la asignatura.<\/span><\/p>\n<p class=\"Normal2\" style=\"text-align: justify;\"><span lang=\"ca\">La comprensi\u00f3n del fen\u00f3meno de interacci\u00f3n comunicativa reproducido en el Debate Virtual, ofrece informaci\u00f3n de valor para mejorar la propia actividad y adecuarla a los intereses particulares de los estudiantes. Por este motivo, el profesorado mejor\u00f3 en cada edici\u00f3n de la asignatura los valores de configuraci\u00f3n de DIANA para ajustar las alertas que la herramienta presenta y tambi\u00e9n el c\u00e1lculo de las m\u00e9tricas.<\/span><\/p>\n<p class=\"Normal2\" style=\"text-align: justify;\"><span lang=\"ca\">Finalmente, el equipo de profesorado se organiz\u00f3 para compartir los resultados obtenidos en sus respectivas aulas. Este trabajo colaborativo de contraste se ejecut\u00f3 c\u00edclicamente para cada una de las ediciones de la asignatura, semestre a semestre.<\/span><\/p>\n<div class=\"featured featured-grey\"><\/p>\n<p><strong>Para saber m\u00e1s<\/strong><\/p>\n<ul>\n<li><a href=\"https:\/\/www.magisnet.com\/2022\/02\/el-big-data-reduce-el-abandono-y-mejora-las-notas-de-los-universitarios\/\" target=\"_blank\" rel=\"noopener\">El &#8216;big data&#8217; reduce el abandono y mejora las notas de los universitarios<\/a><\/li>\n<li><a href=\"https:\/\/bonespractiques.acup.cat\/bona-practica\/us-de-les-analitiques-de-laprenentatge-en-entorns-collaboratius-en-linia-seguiment-i-avaluacio-dinteraccions-comunicatives-en-lassignatura-de-competencies-tic-de-la-uoc\/\" target=\"_blank\" rel=\"noopener\">\u00das de les anal\u00edtiques de l\u2019aprenentatge en entorns col\u00b7laboratius en l\u00ednia: seguiment i avaluaci\u00f3 interaccions comunicatives en l\u2019assignatura de compet\u00e8ncies TIC de la Universitat Oberta de Catalunya<\/a><\/li>\n<\/ul>\n<p>\n<\/div>\n","protected":false},"excerpt":{"rendered":"<p>Un caso de \u00e9xito relacionado con el uso de las anal\u00edticas del aprendizaje involucr\u00f3 a la Universitat Oberta de Catalunya, como instituci\u00f3n educativa superior que adopt\u00f3 una perspectiva desde la Ciencia de Datos de car\u00e1cter educativo para el an\u00e1lisis de la informaci\u00f3n del entorno de aprendizaje en el cual se desarrollan los grados y m\u00e1steres [&hellip;]<\/p>\n","protected":false},"author":2,"featured_media":0,"parent":0,"menu_order":0,"comment_status":"closed","ping_status":"closed","template":"","meta":[],"acf":[],"_links":{"self":[{"href":"http:\/\/learning-analytics.aula.uoc.edu\/es\/wp-json\/wp\/v2\/pages\/98"}],"collection":[{"href":"http:\/\/learning-analytics.aula.uoc.edu\/es\/wp-json\/wp\/v2\/pages"}],"about":[{"href":"http:\/\/learning-analytics.aula.uoc.edu\/es\/wp-json\/wp\/v2\/types\/page"}],"author":[{"embeddable":true,"href":"http:\/\/learning-analytics.aula.uoc.edu\/es\/wp-json\/wp\/v2\/users\/2"}],"replies":[{"embeddable":true,"href":"http:\/\/learning-analytics.aula.uoc.edu\/es\/wp-json\/wp\/v2\/comments?post=98"}],"version-history":[{"count":41,"href":"http:\/\/learning-analytics.aula.uoc.edu\/es\/wp-json\/wp\/v2\/pages\/98\/revisions"}],"predecessor-version":[{"id":649,"href":"http:\/\/learning-analytics.aula.uoc.edu\/es\/wp-json\/wp\/v2\/pages\/98\/revisions\/649"}],"wp:attachment":[{"href":"http:\/\/learning-analytics.aula.uoc.edu\/es\/wp-json\/wp\/v2\/media?parent=98"}],"curies":[{"name":"wp","href":"https:\/\/api.w.org\/{rel}","templated":true}]}}